{"id":987742,"date":"2022-03-27T21:01:00","date_gmt":"2022-03-27T21:01:00","guid":{"rendered":"https:\/\/azacotton.com\/?page_id=987742"},"modified":"2022-04-22T20:59:20","modified_gmt":"2022-04-22T20:59:20","slug":"products","status":"publish","type":"page","link":"https:\/\/azacotton.com\/es\/products\/","title":{"rendered":"Productos"},"content":{"rendered":"<div data-elementor-type=\"wp-page\" data-elementor-id=\"987742\" class=\"elementor elementor-987742\" data-elementor-post-type=\"page\">\n\t\t\t\t\t\t<section class=\"elementor-section elementor-top-section elementor-element elementor-element-c3c5487 elementor-section-height-min-height elementor-section-content-bottom elementor-section-boxed elementor-section-height-default elementor-section-items-middle\" data-id=\"c3c5487\" data-element_type=\"section\" data-settings=\"{&quot;background_background&quot;:&quot;classic&quot;}\">\n\t\t\t\t\t\t\t<div class=\"elementor-background-overlay\"><\/div>\n\t\t\t\t\t\t\t<div class=\"elementor-container elementor-column-gap-default\">\n\t\t\t\t\t<div class=\"elementor-column elementor-col-100 elementor-top-column elementor-element elementor-element-153c8f8\" data-id=\"153c8f8\" data-element_type=\"column\">\n\t\t\t<div class=\"elementor-widget-wrap elementor-element-populated\">\n\t\t\t\t\t\t<div class=\"elementor-element elementor-element-51f79ed elementor-widget elementor-widget-heading\" data-id=\"51f79ed\" data-element_type=\"widget\" data-widget_type=\"heading.default\">\n\t\t\t\t<div class=\"elementor-widget-container\">\n\t\t\t<style>\/*! elementor - v3.19.0 - 28-02-2024 *\/\n.elementor-heading-title{padding:0;margin:0;line-height:1}.elementor-widget-heading .elementor-heading-title[class*=elementor-size-]>a{color:inherit;font-size:inherit;line-height:inherit}.elementor-widget-heading .elementor-heading-title.elementor-size-small{font-size:15px}.elementor-widget-heading .elementor-heading-title.elementor-size-medium{font-size:19px}.elementor-widget-heading .elementor-heading-title.elementor-size-large{font-size:29px}.elementor-widget-heading .elementor-heading-title.elementor-size-xl{font-size:39px}.elementor-widget-heading .elementor-heading-title.elementor-size-xxl{font-size:59px}<\/style><h2 class=\"elementor-heading-title elementor-size-default\">Productos<\/h2>\t\t<\/div>\n\t\t\t\t<\/div>\n\t\t\t\t\t<\/div>\n\t\t<\/div>\n\t\t\t\t\t<\/div>\n\t\t<\/section>\n\t\t\t\t<section class=\"elementor-section elementor-top-section elementor-element elementor-element-b935162 elementor-section-height-min-height elementor-section-boxed elementor-section-height-default elementor-section-items-middle\" data-id=\"b935162\" data-element_type=\"section\">\n\t\t\t\t\t\t<div class=\"elementor-container elementor-column-gap-default\">\n\t\t\t\t\t<div class=\"elementor-column elementor-col-100 elementor-top-column elementor-element elementor-element-e016081\" data-id=\"e016081\" data-element_type=\"column\">\n\t\t\t<div class=\"elementor-widget-wrap elementor-element-populated\">\n\t\t\t\t\t\t<div class=\"elementor-element elementor-element-0bb1764 elementor-absolute elementor-widget elementor-widget-image\" data-id=\"0bb1764\" data-element_type=\"widget\" data-settings=\"{&quot;_position&quot;:&quot;absolute&quot;}\" data-widget_type=\"image.default\">\n\t\t\t\t<div class=\"elementor-widget-container\">\n\t\t\t<style>\/*! elementor - v3.19.0 - 28-02-2024 *\/\n.elementor-widget-image{text-align:center}.elementor-widget-image a{display:inline-block}.elementor-widget-image a img[src$=\".svg\"]{width:48px}.elementor-widget-image img{vertical-align:middle;display:inline-block}<\/style>\t\t\t\t\t\t\t\t\t\t<img fetchpriority=\"high\" decoding=\"async\" width=\"287\" height=\"275\" src=\"https:\/\/azacotton.com\/wp-content\/uploads\/2020\/03\/cotton.png\" class=\"attachment-large size-large wp-image-987795\" alt=\"\" \/>\t\t\t\t\t\t\t\t\t\t\t\t\t<\/div>\n\t\t\t\t<\/div>\n\t\t\t\t<div class=\"elementor-element elementor-element-d425b8c elementor-widget elementor-widget-text-editor\" data-id=\"d425b8c\" data-element_type=\"widget\" data-widget_type=\"text-editor.default\">\n\t\t\t\t<div class=\"elementor-widget-container\">\n\t\t\t<style>\/*! elementor - v3.19.0 - 28-02-2024 *\/\n.elementor-widget-text-editor.elementor-drop-cap-view-stacked .elementor-drop-cap{background-color:#69727d;color:#fff}.elementor-widget-text-editor.elementor-drop-cap-view-framed .elementor-drop-cap{color:#69727d;border:3px solid;background-color:transparent}.elementor-widget-text-editor:not(.elementor-drop-cap-view-default) .elementor-drop-cap{margin-top:8px}.elementor-widget-text-editor:not(.elementor-drop-cap-view-default) .elementor-drop-cap-letter{width:1em;height:1em}.elementor-widget-text-editor .elementor-drop-cap{float:left;text-align:center;line-height:1;font-size:50px}.elementor-widget-text-editor .elementor-drop-cap-letter{display:inline-block}<\/style>\t\t\t\t<p>Nuestro producto principal es el procesamiento de borras de despepite (Regin) y la comercializaci\u00f3n de Pacas de Algod\u00f3n Pluma as\u00ed como de sus derivados, la gran mayor\u00eda proviene de M\u00e9xico y Estados Unidos. Manejamos distintas calidades y especificaciones, dependiendo de la Regi\u00f3n en donde se coseche, y es seleccionado de distintas maneras para lograr la mejor calidad, seg\u00fan lo requieran nuestros clientes.<\/p>\t\t\t\t\t\t<\/div>\n\t\t\t\t<\/div>\n\t\t\t\t\t<\/div>\n\t\t<\/div>\n\t\t\t\t\t<\/div>\n\t\t<\/section>\n\t\t\t\t<section class=\"elementor-section elementor-top-section elementor-element elementor-element-8b11caf elementor-section-height-min-height elementor-section-boxed elementor-section-height-default elementor-section-items-middle\" data-id=\"8b11caf\" data-element_type=\"section\">\n\t\t\t\t\t\t<div class=\"elementor-container elementor-column-gap-default\">\n\t\t\t\t\t<div class=\"elementor-column elementor-col-50 elementor-top-column elementor-element elementor-element-e36a09e\" data-id=\"e36a09e\" data-element_type=\"column\" data-settings=\"{&quot;background_background&quot;:&quot;classic&quot;}\">\n\t\t\t<div class=\"elementor-widget-wrap elementor-element-populated\">\n\t\t\t\t\t\t<div class=\"elementor-element elementor-element-31d2924 elementor-widget elementor-widget-image\" data-id=\"31d2924\" data-element_type=\"widget\" data-widget_type=\"image.default\">\n\t\t\t\t<div class=\"elementor-widget-container\">\n\t\t\t\t\t\t\t\t\t\t\t\t\t<img decoding=\"async\" width=\"1473\" height=\"1290\" src=\"https:\/\/azacotton.com\/wp-content\/uploads\/2020\/05\/Cotton-PNG-Photos.png\" class=\"elementor-animation-grow attachment-full size-full wp-image-987757\" alt=\"\" srcset=\"https:\/\/azacotton.com\/wp-content\/uploads\/2020\/05\/Cotton-PNG-Photos.png 1473w, https:\/\/azacotton.com\/wp-content\/uploads\/2020\/05\/Cotton-PNG-Photos-315x276.png 315w, https:\/\/azacotton.com\/wp-content\/uploads\/2020\/05\/Cotton-PNG-Photos-630x552.png 630w, https:\/\/azacotton.com\/wp-content\/uploads\/2020\/05\/Cotton-PNG-Photos-300x263.png 300w, https:\/\/azacotton.com\/wp-content\/uploads\/2020\/05\/Cotton-PNG-Photos-1024x897.png 1024w, https:\/\/azacotton.com\/wp-content\/uploads\/2020\/05\/Cotton-PNG-Photos-768x673.png 768w, https:\/\/azacotton.com\/wp-content\/uploads\/2020\/05\/Cotton-PNG-Photos-1260x1103.png 1260w\" sizes=\"(max-width: 1473px) 100vw, 1473px\" \/>\t\t\t\t\t\t\t\t\t\t\t\t\t<\/div>\n\t\t\t\t<\/div>\n\t\t\t\t\t<\/div>\n\t\t<\/div>\n\t\t\t\t<div class=\"elementor-column elementor-col-50 elementor-top-column elementor-element elementor-element-38950c9\" data-id=\"38950c9\" data-element_type=\"column\">\n\t\t\t<div class=\"elementor-widget-wrap elementor-element-populated\">\n\t\t\t\t\t\t<div class=\"elementor-element elementor-element-3a11d8a elementor-widget elementor-widget-heading\" data-id=\"3a11d8a\" data-element_type=\"widget\" data-widget_type=\"heading.default\">\n\t\t\t\t<div class=\"elementor-widget-container\">\n\t\t\t<h2 class=\"elementor-heading-title elementor-size-default\">Algod\u00f3n<\/h2>\t\t<\/div>\n\t\t\t\t<\/div>\n\t\t\t\t<div class=\"elementor-element elementor-element-ba95608 elementor-widget elementor-widget-text-editor\" data-id=\"ba95608\" data-element_type=\"widget\" data-widget_type=\"text-editor.default\">\n\t\t\t\t<div class=\"elementor-widget-container\">\n\t\t\t\t\t\t\t- Pacas de algod\u00f3n pluma.<br>\n- Re empaques de algod\u00f3n.<br>\n- Algod\u00f3n loose prensado o a granel.<br>\n- Algodones siniestrados.<br>\n- Pacas de algod\u00f3n de cosechas anteriores.<br>\n- Pacas de algod\u00f3n con contaminaci\u00f3n de materia extra\u00f1a.\t\t\t\t\t\t<\/div>\n\t\t\t\t<\/div>\n\t\t\t\t\t<\/div>\n\t\t<\/div>\n\t\t\t\t\t<\/div>\n\t\t<\/section>\n\t\t\t\t<section class=\"elementor-section elementor-top-section elementor-element elementor-element-2f6c5e1 elementor-reverse-mobile elementor-section-height-min-height elementor-section-boxed elementor-section-height-default elementor-section-items-middle\" data-id=\"2f6c5e1\" data-element_type=\"section\" data-settings=\"{&quot;background_background&quot;:&quot;classic&quot;}\">\n\t\t\t\t\t\t<div class=\"elementor-container elementor-column-gap-default\">\n\t\t\t\t\t<div class=\"elementor-column elementor-col-50 elementor-top-column elementor-element elementor-element-bcccca1\" data-id=\"bcccca1\" data-element_type=\"column\">\n\t\t\t<div class=\"elementor-widget-wrap elementor-element-populated\">\n\t\t\t\t\t\t<div class=\"elementor-element elementor-element-f49c5d3 elementor-widget elementor-widget-heading\" data-id=\"f49c5d3\" data-element_type=\"widget\" data-widget_type=\"heading.default\">\n\t\t\t\t<div class=\"elementor-widget-container\">\n\t\t\t<h2 class=\"elementor-heading-title elementor-size-default\">Borras de Despepite<\/h2>\t\t<\/div>\n\t\t\t\t<\/div>\n\t\t\t\t<div class=\"elementor-element elementor-element-c6f8561 elementor-widget elementor-widget-text-editor\" data-id=\"c6f8561\" data-element_type=\"widget\" data-widget_type=\"text-editor.default\">\n\t\t\t\t<div class=\"elementor-widget-container\">\n\t\t\t\t\t\t\t<div class=\"elementor-element elementor-element-528465e5 elementor-widget elementor-widget-text-editor\" data-id=\"528465e5\" data-element_type=\"widget\" data-widget_type=\"text-editor.default\"><div class=\"elementor-widget-container\"><div class=\"elementor-text-editor elementor-clearfix\"><div><div><div><div><div><div><span style=\"font-weight: 400;\">Compramos cualquier tipo de calidad y proveniente de cualquier zona.<\/span><\/div><\/div><\/div><\/div><\/div><\/div><\/div><\/div><\/div>\t\t\t\t\t\t<\/div>\n\t\t\t\t<\/div>\n\t\t\t\t\t<\/div>\n\t\t<\/div>\n\t\t\t\t<div class=\"elementor-column elementor-col-50 elementor-top-column elementor-element elementor-element-394a6b7\" data-id=\"394a6b7\" data-element_type=\"column\" data-settings=\"{&quot;background_background&quot;:&quot;classic&quot;}\">\n\t\t\t<div class=\"elementor-widget-wrap elementor-element-populated\">\n\t\t\t\t\t\t<div class=\"elementor-element elementor-element-8290da7 elementor-widget elementor-widget-image\" data-id=\"8290da7\" data-element_type=\"widget\" data-widget_type=\"image.default\">\n\t\t\t\t<div class=\"elementor-widget-container\">\n\t\t\t\t\t\t\t\t\t\t\t\t\t<img decoding=\"async\" width=\"1000\" height=\"987\" src=\"https:\/\/azacotton.com\/wp-content\/uploads\/2022\/03\/cottonginmotes.png\" class=\"elementor-animation-grow attachment-full size-full wp-image-988060\" alt=\"\" srcset=\"https:\/\/azacotton.com\/wp-content\/uploads\/2022\/03\/cottonginmotes.png 1000w, https:\/\/azacotton.com\/wp-content\/uploads\/2022\/03\/cottonginmotes-300x296.png 300w, https:\/\/azacotton.com\/wp-content\/uploads\/2022\/03\/cottonginmotes-768x758.png 768w, https:\/\/azacotton.com\/wp-content\/uploads\/2022\/03\/cottonginmotes-630x622.png 630w, https:\/\/azacotton.com\/wp-content\/uploads\/2022\/03\/cottonginmotes-315x311.png 315w\" sizes=\"(max-width: 1000px) 100vw, 1000px\" \/>\t\t\t\t\t\t\t\t\t\t\t\t\t<\/div>\n\t\t\t\t<\/div>\n\t\t\t\t\t<\/div>\n\t\t<\/div>\n\t\t\t\t\t<\/div>\n\t\t<\/section>\n\t\t\t\t<section class=\"elementor-section elementor-top-section elementor-element elementor-element-75a7de0 elementor-section-height-min-height elementor-section-boxed elementor-section-height-default elementor-section-items-middle\" data-id=\"75a7de0\" data-element_type=\"section\">\n\t\t\t\t\t\t<div class=\"elementor-container elementor-column-gap-default\">\n\t\t\t\t\t<div class=\"elementor-column elementor-col-50 elementor-top-column elementor-element elementor-element-d869db1\" data-id=\"d869db1\" data-element_type=\"column\" data-settings=\"{&quot;background_background&quot;:&quot;classic&quot;}\">\n\t\t\t<div class=\"elementor-widget-wrap elementor-element-populated\">\n\t\t\t\t\t\t<div class=\"elementor-element elementor-element-7eb283b elementor-widget elementor-widget-image\" data-id=\"7eb283b\" data-element_type=\"widget\" data-widget_type=\"image.default\">\n\t\t\t\t<div class=\"elementor-widget-container\">\n\t\t\t\t\t\t\t\t\t\t\t\t\t<img loading=\"lazy\" decoding=\"async\" width=\"800\" height=\"601\" src=\"https:\/\/azacotton.com\/wp-content\/uploads\/2022\/03\/regin.png\" class=\"elementor-animation-grow attachment-full size-full wp-image-987911\" alt=\"\" srcset=\"https:\/\/azacotton.com\/wp-content\/uploads\/2022\/03\/regin.png 800w, https:\/\/azacotton.com\/wp-content\/uploads\/2022\/03\/regin-315x237.png 315w, https:\/\/azacotton.com\/wp-content\/uploads\/2022\/03\/regin-630x473.png 630w, https:\/\/azacotton.com\/wp-content\/uploads\/2022\/03\/regin-300x225.png 300w, https:\/\/azacotton.com\/wp-content\/uploads\/2022\/03\/regin-768x577.png 768w\" sizes=\"(max-width: 800px) 100vw, 800px\" \/>\t\t\t\t\t\t\t\t\t\t\t\t\t<\/div>\n\t\t\t\t<\/div>\n\t\t\t\t\t<\/div>\n\t\t<\/div>\n\t\t\t\t<div class=\"elementor-column elementor-col-50 elementor-top-column elementor-element elementor-element-d74af26\" data-id=\"d74af26\" data-element_type=\"column\">\n\t\t\t<div class=\"elementor-widget-wrap elementor-element-populated\">\n\t\t\t\t\t\t<div class=\"elementor-element elementor-element-1374680 elementor-widget elementor-widget-heading\" data-id=\"1374680\" data-element_type=\"widget\" data-widget_type=\"heading.default\">\n\t\t\t\t<div class=\"elementor-widget-container\">\n\t\t\t<h2 class=\"elementor-heading-title elementor-size-default\">Regin<\/h2>\t\t<\/div>\n\t\t\t\t<\/div>\n\t\t\t\t<div class=\"elementor-element elementor-element-b2bbb64 elementor-widget elementor-widget-text-editor\" data-id=\"b2bbb64\" data-element_type=\"widget\" data-widget_type=\"text-editor.default\">\n\t\t\t\t<div class=\"elementor-widget-container\">\n\t\t\t\t\t\t\t<p>El cual producimos en nuestra f\u00e1brica instalada en Gomez Palacio, Durango, M\u00e9xico. Procesamos las borras y realizamos mezclas para hacer regins o productos mezclados, seg\u00fan las necesidades de nuestros clientes.<\/p>\t\t\t\t\t\t<\/div>\n\t\t\t\t<\/div>\n\t\t\t\t\t<\/div>\n\t\t<\/div>\n\t\t\t\t\t<\/div>\n\t\t<\/section>\n\t\t\t\t<section class=\"elementor-section elementor-top-section elementor-element elementor-element-23111b8 elementor-reverse-mobile elementor-section-height-min-height elementor-section-boxed elementor-section-height-default elementor-section-items-middle\" data-id=\"23111b8\" data-element_type=\"section\" data-settings=\"{&quot;background_background&quot;:&quot;classic&quot;}\">\n\t\t\t\t\t\t<div class=\"elementor-container elementor-column-gap-default\">\n\t\t\t\t\t<div class=\"elementor-column elementor-col-50 elementor-top-column elementor-element elementor-element-dafce56\" data-id=\"dafce56\" data-element_type=\"column\">\n\t\t\t<div class=\"elementor-widget-wrap elementor-element-populated\">\n\t\t\t\t\t\t<div class=\"elementor-element elementor-element-48ff2b0 elementor-widget elementor-widget-heading\" data-id=\"48ff2b0\" data-element_type=\"widget\" data-widget_type=\"heading.default\">\n\t\t\t\t<div class=\"elementor-widget-container\">\n\t\t\t<h2 class=\"elementor-heading-title elementor-size-default\">Otros Productos<\/h2>\t\t<\/div>\n\t\t\t\t<\/div>\n\t\t\t\t<div class=\"elementor-element elementor-element-c51ebe3 elementor-widget elementor-widget-text-editor\" data-id=\"c51ebe3\" data-element_type=\"widget\" data-widget_type=\"text-editor.default\">\n\t\t\t\t<div class=\"elementor-widget-container\">\n\t\t\t\t\t\t\t<p>- Algod\u00f3n de semilla de salvamento.<br \/>- Hueso de Algod\u00f3n de siniestro.<br \/>- Linters. comercializamos Linters de origen en USA para venta en el Mercado Asiatico.<br \/>- Venta de refacciones para despepite siendo nuestros principales productos: costillas, sierras, cardas, cepillos, baleros, chumaceras, entre otros productos.<\/p>\t\t\t\t\t\t<\/div>\n\t\t\t\t<\/div>\n\t\t\t\t\t<\/div>\n\t\t<\/div>\n\t\t\t\t<div class=\"elementor-column elementor-col-50 elementor-top-column elementor-element elementor-element-cf53f08\" data-id=\"cf53f08\" data-element_type=\"column\" data-settings=\"{&quot;background_background&quot;:&quot;classic&quot;}\">\n\t\t\t<div class=\"elementor-widget-wrap elementor-element-populated\">\n\t\t\t\t\t\t<div class=\"elementor-element elementor-element-6b7ae9c elementor-widget elementor-widget-image\" data-id=\"6b7ae9c\" data-element_type=\"widget\" data-widget_type=\"image.default\">\n\t\t\t\t<div class=\"elementor-widget-container\">\n\t\t\t\t\t\t\t\t\t\t\t\t\t<img loading=\"lazy\" decoding=\"async\" width=\"664\" height=\"448\" src=\"https:\/\/azacotton.com\/wp-content\/uploads\/2022\/03\/pngwing.com-2.png\" class=\"elementor-animation-grow attachment-full size-full wp-image-987851\" alt=\"\" srcset=\"https:\/\/azacotton.com\/wp-content\/uploads\/2022\/03\/pngwing.com-2.png 664w, https:\/\/azacotton.com\/wp-content\/uploads\/2022\/03\/pngwing.com-2-315x213.png 315w, https:\/\/azacotton.com\/wp-content\/uploads\/2022\/03\/pngwing.com-2-630x425.png 630w, https:\/\/azacotton.com\/wp-content\/uploads\/2022\/03\/pngwing.com-2-300x202.png 300w\" sizes=\"(max-width: 664px) 100vw, 664px\" \/>\t\t\t\t\t\t\t\t\t\t\t\t\t<\/div>\n\t\t\t\t<\/div>\n\t\t\t\t\t<\/div>\n\t\t<\/div>\n\t\t\t\t\t<\/div>\n\t\t<\/section>\n\t\t\t\t<\/div>","protected":false},"excerpt":{"rendered":"<p>Products Our main business is processing the Gin Motes to manufacture the Regins and as merchant of Cotton Bales and the by-products, most of them coming from Mexico and the United States. We handle different qualities and specifications, depending on the region where it is harvested and is selected in different ways to achieve the&#8230;<\/p>","protected":false},"author":2,"featured_media":0,"parent":0,"menu_order":0,"comment_status":"closed","ping_status":"closed","template":"","meta":{"footnotes":""},"class_list":["post-987742","page","type-page","status-publish","hentry"],"yoast_head":"<!-- This site is optimized with the Yoast SEO plugin v22.2 - https:\/\/yoast.com\/wordpress\/plugins\/seo\/ -->\n<title>Products - Aza<\/title>\n<meta name=\"robots\" content=\"index, follow, max-snippet:-1, max-image-preview:large, max-video-preview:-1\" \/>\n<link rel=\"canonical\" href=\"https:\/\/azacotton.com\/es\/products\/\" \/>\n<meta property=\"og:locale\" content=\"es_MX\" \/>\n<meta property=\"og:type\" content=\"article\" \/>\n<meta property=\"og:title\" content=\"Products - Aza\" \/>\n<meta property=\"og:description\" content=\"Products Our main business is processing the Gin Motes to manufacture the Regins and as merchant of Cotton Bales and the by-products, most of them coming from Mexico and the United States. We handle different qualities and specifications, depending on the region where it is harvested and is selected in different ways to achieve the...\" \/>\n<meta property=\"og:url\" content=\"https:\/\/azacotton.com\/es\/products\/\" \/>\n<meta property=\"og:site_name\" content=\"Aza\" \/>\n<meta property=\"article:modified_time\" content=\"2022-04-22T20:59:20+00:00\" \/>\n<meta property=\"og:image\" content=\"https:\/\/azacotton.com\/wp-content\/uploads\/2020\/03\/cotton.png\" \/>\n<meta name=\"twitter:card\" content=\"summary_large_image\" \/>\n<meta name=\"twitter:label1\" content=\"Tiempo de lectura\" \/>\n\t<meta name=\"twitter:data1\" content=\"2 minutos\" \/>\n<script type=\"application\/ld+json\" class=\"yoast-schema-graph\">{\"@context\":\"https:\/\/schema.org\",\"@graph\":[{\"@type\":\"WebPage\",\"@id\":\"https:\/\/azacotton.com\/products\/\",\"url\":\"https:\/\/azacotton.com\/products\/\",\"name\":\"Products - Aza\",\"isPartOf\":{\"@id\":\"https:\/\/azacotton.com\/#website\"},\"primaryImageOfPage\":{\"@id\":\"https:\/\/azacotton.com\/products\/#primaryimage\"},\"image\":{\"@id\":\"https:\/\/azacotton.com\/products\/#primaryimage\"},\"thumbnailUrl\":\"https:\/\/azacotton.com\/wp-content\/uploads\/2020\/03\/cotton.png\",\"datePublished\":\"2022-03-27T21:01:00+00:00\",\"dateModified\":\"2022-04-22T20:59:20+00:00\",\"breadcrumb\":{\"@id\":\"https:\/\/azacotton.com\/products\/#breadcrumb\"},\"inLanguage\":\"es\",\"potentialAction\":[{\"@type\":\"ReadAction\",\"target\":[\"https:\/\/azacotton.com\/products\/\"]}]},{\"@type\":\"ImageObject\",\"inLanguage\":\"es\",\"@id\":\"https:\/\/azacotton.com\/products\/#primaryimage\",\"url\":\"https:\/\/azacotton.com\/wp-content\/uploads\/2020\/03\/cotton.png\",\"contentUrl\":\"https:\/\/azacotton.com\/wp-content\/uploads\/2020\/03\/cotton.png\",\"width\":287,\"height\":275},{\"@type\":\"BreadcrumbList\",\"@id\":\"https:\/\/azacotton.com\/products\/#breadcrumb\",\"itemListElement\":[{\"@type\":\"ListItem\",\"position\":1,\"name\":\"Home\",\"item\":\"https:\/\/azacotton.com\/es\/\"},{\"@type\":\"ListItem\",\"position\":2,\"name\":\"Products\"}]},{\"@type\":\"WebSite\",\"@id\":\"https:\/\/azacotton.com\/#website\",\"url\":\"https:\/\/azacotton.com\/\",\"name\":\"Aza\",\"description\":\"Winery Organic\",\"publisher\":{\"@id\":\"https:\/\/azacotton.com\/#organization\"},\"potentialAction\":[{\"@type\":\"SearchAction\",\"target\":{\"@type\":\"EntryPoint\",\"urlTemplate\":\"https:\/\/azacotton.com\/?s={search_term_string}\"},\"query-input\":\"required name=search_term_string\"}],\"inLanguage\":\"es\"},{\"@type\":\"Organization\",\"@id\":\"https:\/\/azacotton.com\/#organization\",\"name\":\"Aza\",\"url\":\"https:\/\/azacotton.com\/\",\"logo\":{\"@type\":\"ImageObject\",\"inLanguage\":\"es\",\"@id\":\"https:\/\/azacotton.com\/#\/schema\/logo\/image\/\",\"url\":\"https:\/\/azacotton.com\/wp-content\/uploads\/2020\/03\/logo_white.png\",\"contentUrl\":\"https:\/\/azacotton.com\/wp-content\/uploads\/2020\/03\/logo_white.png\",\"width\":616,\"height\":355,\"caption\":\"Aza\"},\"image\":{\"@id\":\"https:\/\/azacotton.com\/#\/schema\/logo\/image\/\"}}]}<\/script>\n<!-- \/ Yoast SEO plugin. -->","yoast_head_json":{"title":"Products - Aza","robots":{"index":"index","follow":"follow","max-snippet":"max-snippet:-1","max-image-preview":"max-image-preview:large","max-video-preview":"max-video-preview:-1"},"canonical":"https:\/\/azacotton.com\/es\/products\/","og_locale":"es_MX","og_type":"article","og_title":"Products - Aza","og_description":"Products Our main business is processing the Gin Motes to manufacture the Regins and as merchant of Cotton Bales and the by-products, most of them coming from Mexico and the United States. We handle different qualities and specifications, depending on the region where it is harvested and is selected in different ways to achieve the...","og_url":"https:\/\/azacotton.com\/es\/products\/","og_site_name":"Aza","article_modified_time":"2022-04-22T20:59:20+00:00","og_image":[{"url":"https:\/\/azacotton.com\/wp-content\/uploads\/2020\/03\/cotton.png"}],"twitter_card":"summary_large_image","twitter_misc":{"Tiempo de lectura":"2 minutos"},"schema":{"@context":"https:\/\/schema.org","@graph":[{"@type":"WebPage","@id":"https:\/\/azacotton.com\/products\/","url":"https:\/\/azacotton.com\/products\/","name":"Products - Aza","isPartOf":{"@id":"https:\/\/azacotton.com\/#website"},"primaryImageOfPage":{"@id":"https:\/\/azacotton.com\/products\/#primaryimage"},"image":{"@id":"https:\/\/azacotton.com\/products\/#primaryimage"},"thumbnailUrl":"https:\/\/azacotton.com\/wp-content\/uploads\/2020\/03\/cotton.png","datePublished":"2022-03-27T21:01:00+00:00","dateModified":"2022-04-22T20:59:20+00:00","breadcrumb":{"@id":"https:\/\/azacotton.com\/products\/#breadcrumb"},"inLanguage":"es","potentialAction":[{"@type":"ReadAction","target":["https:\/\/azacotton.com\/products\/"]}]},{"@type":"ImageObject","inLanguage":"es","@id":"https:\/\/azacotton.com\/products\/#primaryimage","url":"https:\/\/azacotton.com\/wp-content\/uploads\/2020\/03\/cotton.png","contentUrl":"https:\/\/azacotton.com\/wp-content\/uploads\/2020\/03\/cotton.png","width":287,"height":275},{"@type":"BreadcrumbList","@id":"https:\/\/azacotton.com\/products\/#breadcrumb","itemListElement":[{"@type":"ListItem","position":1,"name":"Home","item":"https:\/\/azacotton.com\/es\/"},{"@type":"ListItem","position":2,"name":"Products"}]},{"@type":"WebSite","@id":"https:\/\/azacotton.com\/#website","url":"https:\/\/azacotton.com\/","name":"Aza","description":"Winery Organic","publisher":{"@id":"https:\/\/azacotton.com\/#organization"},"potentialAction":[{"@type":"SearchAction","target":{"@type":"EntryPoint","urlTemplate":"https:\/\/azacotton.com\/?s={search_term_string}"},"query-input":"required name=search_term_string"}],"inLanguage":"es"},{"@type":"Organization","@id":"https:\/\/azacotton.com\/#organization","name":"Aza","url":"https:\/\/azacotton.com\/","logo":{"@type":"ImageObject","inLanguage":"es","@id":"https:\/\/azacotton.com\/#\/schema\/logo\/image\/","url":"https:\/\/azacotton.com\/wp-content\/uploads\/2020\/03\/logo_white.png","contentUrl":"https:\/\/azacotton.com\/wp-content\/uploads\/2020\/03\/logo_white.png","width":616,"height":355,"caption":"Aza"},"image":{"@id":"https:\/\/azacotton.com\/#\/schema\/logo\/image\/"}}]}},"_links":{"self":[{"href":"https:\/\/azacotton.com\/es\/wp-json\/wp\/v2\/pages\/987742","targetHints":{"allow":["GET"]}}],"collection":[{"href":"https:\/\/azacotton.com\/es\/wp-json\/wp\/v2\/pages"}],"about":[{"href":"https:\/\/azacotton.com\/es\/wp-json\/wp\/v2\/types\/page"}],"author":[{"embeddable":true,"href":"https:\/\/azacotton.com\/es\/wp-json\/wp\/v2\/users\/2"}],"replies":[{"embeddable":true,"href":"https:\/\/azacotton.com\/es\/wp-json\/wp\/v2\/comments?post=987742"}],"version-history":[{"count":10,"href":"https:\/\/azacotton.com\/es\/wp-json\/wp\/v2\/pages\/987742\/revisions"}],"predecessor-version":[{"id":988090,"href":"https:\/\/azacotton.com\/es\/wp-json\/wp\/v2\/pages\/987742\/revisions\/988090"}],"wp:attachment":[{"href":"https:\/\/azacotton.com\/es\/wp-json\/wp\/v2\/media?parent=987742"}],"curies":[{"name":"wp","href":"https:\/\/api.w.org\/{rel}","templated":true}]}}